{"id":214,"date":"2023-11-22T12:28:58","date_gmt":"2023-11-22T12:28:58","guid":{"rendered":"https:\/\/fislac.es\/?page_id=214"},"modified":"2024-01-22T16:06:30","modified_gmt":"2024-01-22T16:06:30","slug":"servicios-contabilidad-fiscales","status":"publish","type":"page","link":"https:\/\/fislac.es\/ca\/serveis-comptabilitat-fiscals\/","title":{"rendered":"Serveis de comptabilitat i fiscals"},"content":{"rendered":"<div data-elementor-type=\"wp-page\" data-elementor-id=\"214\" class=\"elementor elementor-214\" data-elementor-post-type=\"page\">\n\t\t\t\t<div class=\"elementor-element elementor-element-da9990e e-con-full elementor-hidden-mobile e-flex e-con e-parent\" data-id=\"da9990e\" data-element_type=\"container\" data-settings=\"{&quot;background_background&quot;:&quot;classic&quot;}\">\n\t\t<div class=\"elementor-element elementor-element-e30f410 e-flex e-con-boxed e-con e-child\" data-id=\"e30f410\" data-element_type=\"container\">\n\t\t\t\t\t<div class=\"e-con-inner\">\n\t\t<div class=\"elementor-element elementor-element-32b5007 e-flex e-con-boxed e-con e-child\" data-id=\"32b5007\" data-element_type=\"container\">\n\t\t\t\t\t<div class=\"e-con-inner\">\n\t\t\t\t<div class=\"elementor-element elementor-element-4822117 elementor-widget elementor-widget-heading\" data-id=\"4822117\" data-element_type=\"widget\" data-widget_type=\"heading.default\">\n\t\t\t\t<div class=\"elementor-widget-container\">\n\t\t\t\t\t<h1 class=\"elementor-heading-title elementor-size-default\">Serveis de comptabilitat i fiscals<\/h1>\t\t\t\t<\/div>\n\t\t\t\t<\/div>\n\t\t\t\t<div class=\"elementor-element elementor-element-6eef710 elementor-widget elementor-widget-heading\" data-id=\"6eef710\" data-element_type=\"widget\" data-widget_type=\"heading.default\">\n\t\t\t\t<div class=\"elementor-widget-container\">\n\t\t\t\t\t<h5 class=\"elementor-heading-title elementor-size-default\">Portem a terme tota la comptabilitat i les finances de la teva empresa perqu\u00e8 puguis centrar-te en la gesti\u00f3.<\/h5>\t\t\t\t<\/div>\n\t\t\t\t<\/div>\n\t\t\t\t\t<\/div>\n\t\t\t\t<\/div>\n\t\t<div class=\"elementor-element elementor-element-e69a158 elementor-hidden-mobile_extra elementor-hidden-mobile e-flex e-con-boxed e-con e-child\" data-id=\"e69a158\" data-element_type=\"container\">\n\t\t\t\t\t<div class=\"e-con-inner\">\n\t\t\t\t\t<\/div>\n\t\t\t\t<\/div>\n\t\t\t\t\t<\/div>\n\t\t\t\t<\/div>\n\t\t\t\t<\/div>\n\t\t<div class=\"elementor-element elementor-element-4786f46 e-con-full elementor-hidden-widescreen elementor-hidden-desktop elementor-hidden-laptop elementor-hidden-tablet_extra elementor-hidden-tablet elementor-hidden-mobile_extra e-flex e-con e-parent\" data-id=\"4786f46\" data-element_type=\"container\" data-settings=\"{&quot;background_background&quot;:&quot;classic&quot;}\">\n\t\t<div class=\"elementor-element elementor-element-3cd2615 e-flex e-con-boxed e-con e-child\" data-id=\"3cd2615\" data-element_type=\"container\">\n\t\t\t\t\t<div class=\"e-con-inner\">\n\t\t<div class=\"elementor-element elementor-element-6649010 e-flex e-con-boxed e-con e-child\" data-id=\"6649010\" data-element_type=\"container\">\n\t\t\t\t\t<div class=\"e-con-inner\">\n\t\t\t\t<div class=\"elementor-element elementor-element-cd664b1 elementor-widget elementor-widget-heading\" data-id=\"cd664b1\" data-element_type=\"widget\" data-widget_type=\"heading.default\">\n\t\t\t\t<div class=\"elementor-widget-container\">\n\t\t\t\t\t<h1 class=\"elementor-heading-title elementor-size-default\">Serveis de comptabilitat i fiscals<\/h1>\t\t\t\t<\/div>\n\t\t\t\t<\/div>\n\t\t\t\t<div class=\"elementor-element elementor-element-b0312e3 elementor-widget elementor-widget-heading\" data-id=\"b0312e3\" data-element_type=\"widget\" data-widget_type=\"heading.default\">\n\t\t\t\t<div class=\"elementor-widget-container\">\n\t\t\t\t\t<h5 class=\"elementor-heading-title elementor-size-default\">Portem a terme tota la comptabilitat i les finances de la teva empresa perqu\u00e8 puguis centrar-te en la gesti\u00f3.<\/h5>\t\t\t\t<\/div>\n\t\t\t\t<\/div>\n\t\t\t\t\t<\/div>\n\t\t\t\t<\/div>\n\t\t<div class=\"elementor-element elementor-element-fb40310 elementor-hidden-mobile_extra elementor-hidden-mobile e-flex e-con-boxed e-con e-child\" data-id=\"fb40310\" data-element_type=\"container\">\n\t\t\t\t\t<div class=\"e-con-inner\">\n\t\t\t\t\t<\/div>\n\t\t\t\t<\/div>\n\t\t\t\t\t<\/div>\n\t\t\t\t<\/div>\n\t\t\t\t<\/div>\n\t\t<div class=\"elementor-element elementor-element-b4f121e e-flex e-con-boxed e-con e-parent\" data-id=\"b4f121e\" data-element_type=\"container\" data-settings=\"{&quot;background_background&quot;:&quot;classic&quot;}\">\n\t\t\t\t\t<div class=\"e-con-inner\">\n\t\t\t\t<div class=\"elementor-element elementor-element-98dd3f2 elementor-widget elementor-widget-heading\" data-id=\"98dd3f2\" data-element_type=\"widget\" data-widget_type=\"heading.default\">\n\t\t\t\t<div class=\"elementor-widget-container\">\n\t\t\t\t\t<h2 class=\"elementor-heading-title elementor-size-default\">El nostre \u00e0mbit de treball est\u00e0 centrat en\u2026<\/h2>\t\t\t\t<\/div>\n\t\t\t\t<\/div>\n\t\t<div class=\"elementor-element elementor-element-d67c7f8 e-flex e-con-boxed e-con e-child\" data-id=\"d67c7f8\" data-element_type=\"container\">\n\t\t\t\t\t<div class=\"e-con-inner\">\n\t\t<div class=\"elementor-element elementor-element-869a201 e-flex e-con-boxed e-con e-child\" data-id=\"869a201\" data-element_type=\"container\">\n\t\t\t\t\t<div class=\"e-con-inner\">\n\t\t\t\t<div class=\"elementor-element elementor-element-64f0def elementor-widget elementor-widget-image\" data-id=\"64f0def\" data-element_type=\"widget\" data-widget_type=\"image.default\">\n\t\t\t\t<div class=\"elementor-widget-container\">\n\t\t\t\t\t\t\t\t\t\t\t\t\t\t\t<img fetchpriority=\"high\" decoding=\"async\" width=\"595\" height=\"710\" src=\"https:\/\/fislac.es\/wp-content\/uploads\/2023\/11\/ambito-de-trabajo.jpg\" class=\"attachment-large size-large wp-image-291\" alt=\"\" srcset=\"https:\/\/fislac.es\/wp-content\/uploads\/2023\/11\/ambito-de-trabajo.jpg 595w, https:\/\/fislac.es\/wp-content\/uploads\/2023\/11\/ambito-de-trabajo-251x300.jpg 251w\" sizes=\"(max-width: 595px) 100vw, 595px\" \/>\t\t\t\t\t\t\t\t\t\t\t\t\t\t\t<\/div>\n\t\t\t\t<\/div>\n\t\t\t\t\t<\/div>\n\t\t\t\t<\/div>\n\t\t<div class=\"elementor-element elementor-element-4415e63 e-flex e-con-boxed e-con e-child\" data-id=\"4415e63\" data-element_type=\"container\">\n\t\t\t\t\t<div class=\"e-con-inner\">\n\t\t\t\t<div class=\"elementor-element elementor-element-058affd acordeon elementor-widget elementor-widget-n-accordion\" data-id=\"058affd\" data-element_type=\"widget\" data-settings=\"{&quot;default_state&quot;:&quot;all_collapsed&quot;,&quot;max_items_expended&quot;:&quot;one&quot;,&quot;n_accordion_animation_duration&quot;:{&quot;unit&quot;:&quot;ms&quot;,&quot;size&quot;:400,&quot;sizes&quot;:[]}}\" data-widget_type=\"nested-accordion.default\">\n\t\t\t\t<div class=\"elementor-widget-container\">\n\t\t\t\t\t\t\t<div class=\"e-n-accordion\" aria-label=\"Accordion. Open links with Enter or Space, close with Escape, and navigate with Arrow Keys\">\n\t\t\t\t\t\t<details id=\"e-n-accordion-item-5810\" class=\"e-n-accordion-item\" >\n\t\t\t\t<summary class=\"e-n-accordion-item-title\" data-accordion-index=\"1\" tabindex=\"0\" aria-expanded=\"false\" aria-controls=\"e-n-accordion-item-5810\" >\n\t\t\t\t\t<span class='e-n-accordion-item-title-header'><div class=\"e-n-accordion-item-title-text\"> An\u00e0lisis d\u2019inversions <\/div><\/span>\n\t\t\t\t\t\t\t<span class='e-n-accordion-item-title-icon'>\n\t\t\t<span class='e-opened' ><svg xmlns=\"http:\/\/www.w3.org\/2000\/svg\" width=\"7\" height=\"11\" viewbox=\"0 0 7 11\" fill=\"none\"><path d=\"M1 10L5.58706 5.87165C5.80775 5.67303 5.80775 5.32697 5.58706 5.12835L1 1\" stroke=\"#963E4E\" stroke-width=\"2\" stroke-linecap=\"round\"><\/path><\/svg><\/span>\n\t\t\t<span class='e-closed'><svg xmlns=\"http:\/\/www.w3.org\/2000\/svg\" width=\"11\" height=\"7\" viewbox=\"0 0 11 7\" fill=\"none\"><path d=\"M1 1L5.12835 5.58706C5.32697 5.80775 5.67303 5.80775 5.87165 5.58706L10 1\" stroke=\"#963E4E\" stroke-width=\"2\" stroke-linecap=\"round\"><\/path><\/svg><\/span>\n\t\t<\/span>\n\n\t\t\t\t\t\t<\/summary>\n\t\t\t\t<div role=\"region\" aria-labelledby=\"e-n-accordion-item-5810\" class=\"elementor-element elementor-element-85d9ea4 e-con-full e-flex e-con e-child\" data-id=\"85d9ea4\" data-element_type=\"container\">\n\t\t\t\t<\/div>\n\t\t\t\t\t<\/details>\n\t\t\t\t\t\t<details id=\"e-n-accordion-item-5811\" class=\"e-n-accordion-item\" >\n\t\t\t\t<summary class=\"e-n-accordion-item-title\" data-accordion-index=\"2\" tabindex=\"-1\" aria-expanded=\"false\" aria-controls=\"e-n-accordion-item-5811\" >\n\t\t\t\t\t<span class='e-n-accordion-item-title-header'><div class=\"e-n-accordion-item-title-text\"> An\u00e0lisis financeres de l\u2019empresa <\/div><\/span>\n\t\t\t\t\t\t\t<span class='e-n-accordion-item-title-icon'>\n\t\t\t<span class='e-opened' ><svg xmlns=\"http:\/\/www.w3.org\/2000\/svg\" width=\"7\" height=\"11\" viewbox=\"0 0 7 11\" fill=\"none\"><path d=\"M1 10L5.58706 5.87165C5.80775 5.67303 5.80775 5.32697 5.58706 5.12835L1 1\" stroke=\"#963E4E\" stroke-width=\"2\" stroke-linecap=\"round\"><\/path><\/svg><\/span>\n\t\t\t<span class='e-closed'><svg xmlns=\"http:\/\/www.w3.org\/2000\/svg\" width=\"11\" height=\"7\" viewbox=\"0 0 11 7\" fill=\"none\"><path d=\"M1 1L5.12835 5.58706C5.32697 5.80775 5.67303 5.80775 5.87165 5.58706L10 1\" stroke=\"#963E4E\" stroke-width=\"2\" stroke-linecap=\"round\"><\/path><\/svg><\/span>\n\t\t<\/span>\n\n\t\t\t\t\t\t<\/summary>\n\t\t\t\t<div role=\"region\" aria-labelledby=\"e-n-accordion-item-5811\" class=\"elementor-element elementor-element-91adec2 e-con-full e-flex e-con e-child\" data-id=\"91adec2\" data-element_type=\"container\">\n\t\t\t\t<\/div>\n\t\t\t\t\t<\/details>\n\t\t\t\t\t\t<details id=\"e-n-accordion-item-5812\" class=\"e-n-accordion-item\" >\n\t\t\t\t<summary class=\"e-n-accordion-item-title\" data-accordion-index=\"3\" tabindex=\"-1\" aria-expanded=\"false\" aria-controls=\"e-n-accordion-item-5812\" >\n\t\t\t\t\t<span class='e-n-accordion-item-title-header'><div class=\"e-n-accordion-item-title-text\"> Elaboraci\u00f3 de projeccions financeres, an\u00e0lisis de cash flow i elaboraci\u00f3 de previsions i necessitats de liquiditat <\/div><\/span>\n\t\t\t\t\t\t\t<span class='e-n-accordion-item-title-icon'>\n\t\t\t<span class='e-opened' ><svg xmlns=\"http:\/\/www.w3.org\/2000\/svg\" width=\"7\" height=\"11\" viewbox=\"0 0 7 11\" fill=\"none\"><path d=\"M1 10L5.58706 5.87165C5.80775 5.67303 5.80775 5.32697 5.58706 5.12835L1 1\" stroke=\"#963E4E\" stroke-width=\"2\" stroke-linecap=\"round\"><\/path><\/svg><\/span>\n\t\t\t<span class='e-closed'><svg xmlns=\"http:\/\/www.w3.org\/2000\/svg\" width=\"11\" height=\"7\" viewbox=\"0 0 11 7\" fill=\"none\"><path d=\"M1 1L5.12835 5.58706C5.32697 5.80775 5.67303 5.80775 5.87165 5.58706L10 1\" stroke=\"#963E4E\" stroke-width=\"2\" stroke-linecap=\"round\"><\/path><\/svg><\/span>\n\t\t<\/span>\n\n\t\t\t\t\t\t<\/summary>\n\t\t\t\t<div role=\"region\" aria-labelledby=\"e-n-accordion-item-5812\" class=\"elementor-element elementor-element-fcf29e7 e-con-full e-flex e-con e-child\" data-id=\"fcf29e7\" data-element_type=\"container\">\n\t\t\t\t<\/div>\n\t\t\t\t\t<\/details>\n\t\t\t\t\t\t<details id=\"e-n-accordion-item-5813\" class=\"e-n-accordion-item\" >\n\t\t\t\t<summary class=\"e-n-accordion-item-title\" data-accordion-index=\"4\" tabindex=\"-1\" aria-expanded=\"false\" aria-controls=\"e-n-accordion-item-5813\" >\n\t\t\t\t\t<span class='e-n-accordion-item-title-header'><div class=\"e-n-accordion-item-title-text\"> Operacions amb entitats financeres <\/div><\/span>\n\t\t\t\t\t\t\t<span class='e-n-accordion-item-title-icon'>\n\t\t\t<span class='e-opened' ><svg xmlns=\"http:\/\/www.w3.org\/2000\/svg\" width=\"7\" height=\"11\" viewbox=\"0 0 7 11\" fill=\"none\"><path d=\"M1 10L5.58706 5.87165C5.80775 5.67303 5.80775 5.32697 5.58706 5.12835L1 1\" stroke=\"#963E4E\" stroke-width=\"2\" stroke-linecap=\"round\"><\/path><\/svg><\/span>\n\t\t\t<span class='e-closed'><svg xmlns=\"http:\/\/www.w3.org\/2000\/svg\" width=\"11\" height=\"7\" viewbox=\"0 0 11 7\" fill=\"none\"><path d=\"M1 1L5.12835 5.58706C5.32697 5.80775 5.67303 5.80775 5.87165 5.58706L10 1\" stroke=\"#963E4E\" stroke-width=\"2\" stroke-linecap=\"round\"><\/path><\/svg><\/span>\n\t\t<\/span>\n\n\t\t\t\t\t\t<\/summary>\n\t\t\t\t<div role=\"region\" aria-labelledby=\"e-n-accordion-item-5813\" class=\"elementor-element elementor-element-6e6d239 e-con-full e-flex e-con e-child\" data-id=\"6e6d239\" data-element_type=\"container\">\n\t\t<div role=\"region\" aria-labelledby=\"e-n-accordion-item-5813\" class=\"elementor-element elementor-element-e4b6c0d e-flex e-con-boxed e-con e-child\" data-id=\"e4b6c0d\" data-element_type=\"container\">\n\t\t\t\t\t<div class=\"e-con-inner\">\n\t\t\t\t<div class=\"elementor-element elementor-element-f52c4b4 areas-trabajo elementor-widget elementor-widget-text-editor\" data-id=\"f52c4b4\" data-element_type=\"widget\" data-widget_type=\"text-editor.default\">\n\t\t\t\t<div class=\"elementor-widget-container\">\n\t\t\t\t\t\t\t\t\t<ul>\n \t<li>Pr\u00e8stecs.<\/li>\n \t<li>Descomptes comercials.<\/li>\n \t<li>Operacions de Leasing.<\/li>\n \t<li>Operacions de Factoring, confirming, etc.<\/li>\n \t<li>Elecci\u00f3 d'entitats financeres segons la gamma de productes i els seus costos oferits.<\/li>\n \t<li>Rendes (elecci\u00f3, valoraci\u00f3, costos d'oportunitat, c\u00e0lcul d'anualitats, plans de jubilaci\u00f3, rendes perp\u00e8tues, immediates, diferides, etc.).<\/li>\n<\/ul>\t\t\t\t\t\t\t\t<\/div>\n\t\t\t\t<\/div>\n\t\t\t\t\t<\/div>\n\t\t\t\t<\/div>\n\t\t\t\t<\/div>\n\t\t\t\t\t<\/details>\n\t\t\t\t\t<\/div>\n\t\t\t\t\t\t<\/div>\n\t\t\t\t<\/div>\n\t\t\t\t\t<\/div>\n\t\t\t\t<\/div>\n\t\t\t\t\t<\/div>\n\t\t\t\t<\/div>\n\t\t\t\t\t<\/div>\n\t\t\t\t<\/div>\n\t\t\t\t<\/div>","protected":false},"excerpt":{"rendered":"<p>Servicios de contabilidad y fiscales Llevamos a cabo toda la contabilidad y las finanzas de tu empresa para que t\u00fa puedas centrarte en la gesti\u00f3n Servicios de contabilidad y fiscales Llevamos a cabo toda la contabilidad y las finanzas de tu empresa para que t\u00fa puedas centrarte en la gesti\u00f3n Nuestro \u00e1mbito de trabajo se [&hellip;]<\/p>","protected":false},"author":1,"featured_media":0,"parent":0,"menu_order":0,"comment_status":"closed","ping_status":"closed","template":"","meta":{"footnotes":""},"class_list":["post-214","page","type-page","status-publish","hentry"],"yoast_head":"<!-- This site is optimized with the Yoast SEO plugin v21.7 - https:\/\/yoast.com\/wordpress\/plugins\/seo\/ -->\n<title>Servicios de contabilidad y fiscales - Fislac<\/title>\n<meta name=\"robots\" content=\"index, follow, max-snippet:-1, max-image-preview:large, max-video-preview:-1\" \/>\n<link rel=\"canonical\" href=\"https:\/\/fislac.es\/ca\/serveis-comptabilitat-fiscals\/\" \/>\n<meta property=\"og:locale\" content=\"ca_ES\" \/>\n<meta property=\"og:type\" content=\"article\" \/>\n<meta property=\"og:title\" content=\"Servicios de contabilidad y fiscales - Fislac\" \/>\n<meta property=\"og:description\" content=\"Servicios de contabilidad y fiscales Llevamos a cabo toda la contabilidad y las finanzas de tu empresa para que t\u00fa puedas centrarte en la gesti\u00f3n Servicios de contabilidad y fiscales Llevamos a cabo toda la contabilidad y las finanzas de tu empresa para que t\u00fa puedas centrarte en la gesti\u00f3n Nuestro \u00e1mbito de trabajo se [&hellip;]\" \/>\n<meta property=\"og:url\" content=\"https:\/\/fislac.es\/ca\/serveis-comptabilitat-fiscals\/\" \/>\n<meta property=\"og:site_name\" content=\"Fislac\" \/>\n<meta property=\"article:modified_time\" content=\"2024-01-22T16:06:30+00:00\" \/>\n<meta property=\"og:image\" content=\"https:\/\/fislac.es\/wp-content\/uploads\/2023\/11\/ambito-de-trabajo.jpg\" \/>\n<meta name=\"twitter:card\" content=\"summary_large_image\" \/>\n<meta name=\"twitter:label1\" content=\"Temps estimat de lectura\" \/>\n\t<meta name=\"twitter:data1\" content=\"1 minut\" \/>\n<script type=\"application\/ld+json\" class=\"yoast-schema-graph\">{\"@context\":\"https:\/\/schema.org\",\"@graph\":[{\"@type\":\"WebPage\",\"@id\":\"https:\/\/fislac.es\/servicios-contabilidad-fiscales\/\",\"url\":\"https:\/\/fislac.es\/servicios-contabilidad-fiscales\/\",\"name\":\"Servicios de contabilidad y fiscales - Fislac\",\"isPartOf\":{\"@id\":\"https:\/\/fislac.es\/#website\"},\"datePublished\":\"2023-11-22T12:28:58+00:00\",\"dateModified\":\"2024-01-22T16:06:30+00:00\",\"breadcrumb\":{\"@id\":\"https:\/\/fislac.es\/servicios-contabilidad-fiscales\/#breadcrumb\"},\"inLanguage\":\"ca\",\"potentialAction\":[{\"@type\":\"ReadAction\",\"target\":[\"https:\/\/fislac.es\/servicios-contabilidad-fiscales\/\"]}]},{\"@type\":\"BreadcrumbList\",\"@id\":\"https:\/\/fislac.es\/servicios-contabilidad-fiscales\/#breadcrumb\",\"itemListElement\":[{\"@type\":\"ListItem\",\"position\":1,\"name\":\"Portada\",\"item\":\"https:\/\/fislac.es\/\"},{\"@type\":\"ListItem\",\"position\":2,\"name\":\"Servicios de contabilidad y fiscales\"}]},{\"@type\":\"WebSite\",\"@id\":\"https:\/\/fislac.es\/#website\",\"url\":\"https:\/\/fislac.es\/\",\"name\":\"Fislac\",\"description\":\"\",\"publisher\":{\"@id\":\"https:\/\/fislac.es\/#organization\"},\"potentialAction\":[{\"@type\":\"SearchAction\",\"target\":{\"@type\":\"EntryPoint\",\"urlTemplate\":\"https:\/\/fislac.es\/?s={search_term_string}\"},\"query-input\":\"required name=search_term_string\"}],\"inLanguage\":\"ca\"},{\"@type\":\"Organization\",\"@id\":\"https:\/\/fislac.es\/#organization\",\"name\":\"Fislac Asesores\",\"url\":\"https:\/\/fislac.es\/\",\"logo\":{\"@type\":\"ImageObject\",\"inLanguage\":\"ca\",\"@id\":\"https:\/\/fislac.es\/#\/schema\/logo\/image\/\",\"url\":\"https:\/\/fislac.es\/wp-content\/uploads\/2023\/11\/logo-fislac.png\",\"contentUrl\":\"https:\/\/fislac.es\/wp-content\/uploads\/2023\/11\/logo-fislac.png\",\"width\":426,\"height\":204,\"caption\":\"Fislac Asesores\"},\"image\":{\"@id\":\"https:\/\/fislac.es\/#\/schema\/logo\/image\/\"}}]}<\/script>\n<!-- \/ Yoast SEO plugin. -->","yoast_head_json":{"title":"Servicios de contabilidad y fiscales - Fislac","robots":{"index":"index","follow":"follow","max-snippet":"max-snippet:-1","max-image-preview":"max-image-preview:large","max-video-preview":"max-video-preview:-1"},"canonical":"https:\/\/fislac.es\/ca\/serveis-comptabilitat-fiscals\/","og_locale":"ca_ES","og_type":"article","og_title":"Servicios de contabilidad y fiscales - Fislac","og_description":"Servicios de contabilidad y fiscales Llevamos a cabo toda la contabilidad y las finanzas de tu empresa para que t\u00fa puedas centrarte en la gesti\u00f3n Servicios de contabilidad y fiscales Llevamos a cabo toda la contabilidad y las finanzas de tu empresa para que t\u00fa puedas centrarte en la gesti\u00f3n Nuestro \u00e1mbito de trabajo se [&hellip;]","og_url":"https:\/\/fislac.es\/ca\/serveis-comptabilitat-fiscals\/","og_site_name":"Fislac","article_modified_time":"2024-01-22T16:06:30+00:00","og_image":[{"url":"https:\/\/fislac.es\/wp-content\/uploads\/2023\/11\/ambito-de-trabajo.jpg"}],"twitter_card":"summary_large_image","twitter_misc":{"Temps estimat de lectura":"1 minut"},"schema":{"@context":"https:\/\/schema.org","@graph":[{"@type":"WebPage","@id":"https:\/\/fislac.es\/servicios-contabilidad-fiscales\/","url":"https:\/\/fislac.es\/servicios-contabilidad-fiscales\/","name":"Servicios de contabilidad y fiscales - Fislac","isPartOf":{"@id":"https:\/\/fislac.es\/#website"},"datePublished":"2023-11-22T12:28:58+00:00","dateModified":"2024-01-22T16:06:30+00:00","breadcrumb":{"@id":"https:\/\/fislac.es\/servicios-contabilidad-fiscales\/#breadcrumb"},"inLanguage":"ca","potentialAction":[{"@type":"ReadAction","target":["https:\/\/fislac.es\/servicios-contabilidad-fiscales\/"]}]},{"@type":"BreadcrumbList","@id":"https:\/\/fislac.es\/servicios-contabilidad-fiscales\/#breadcrumb","itemListElement":[{"@type":"ListItem","position":1,"name":"Portada","item":"https:\/\/fislac.es\/"},{"@type":"ListItem","position":2,"name":"Servicios de contabilidad y fiscales"}]},{"@type":"WebSite","@id":"https:\/\/fislac.es\/#website","url":"https:\/\/fislac.es\/","name":"Fislac","description":"","publisher":{"@id":"https:\/\/fislac.es\/#organization"},"potentialAction":[{"@type":"SearchAction","target":{"@type":"EntryPoint","urlTemplate":"https:\/\/fislac.es\/?s={search_term_string}"},"query-input":"required name=search_term_string"}],"inLanguage":"ca"},{"@type":"Organization","@id":"https:\/\/fislac.es\/#organization","name":"Fislac Asesores","url":"https:\/\/fislac.es\/","logo":{"@type":"ImageObject","inLanguage":"ca","@id":"https:\/\/fislac.es\/#\/schema\/logo\/image\/","url":"https:\/\/fislac.es\/wp-content\/uploads\/2023\/11\/logo-fislac.png","contentUrl":"https:\/\/fislac.es\/wp-content\/uploads\/2023\/11\/logo-fislac.png","width":426,"height":204,"caption":"Fislac Asesores"},"image":{"@id":"https:\/\/fislac.es\/#\/schema\/logo\/image\/"}}]}},"_links":{"self":[{"href":"https:\/\/fislac.es\/ca\/wp-json\/wp\/v2\/pages\/214","targetHints":{"allow":["GET"]}}],"collection":[{"href":"https:\/\/fislac.es\/ca\/wp-json\/wp\/v2\/pages"}],"about":[{"href":"https:\/\/fislac.es\/ca\/wp-json\/wp\/v2\/types\/page"}],"author":[{"embeddable":true,"href":"https:\/\/fislac.es\/ca\/wp-json\/wp\/v2\/users\/1"}],"replies":[{"embeddable":true,"href":"https:\/\/fislac.es\/ca\/wp-json\/wp\/v2\/comments?post=214"}],"version-history":[{"count":91,"href":"https:\/\/fislac.es\/ca\/wp-json\/wp\/v2\/pages\/214\/revisions"}],"predecessor-version":[{"id":973,"href":"https:\/\/fislac.es\/ca\/wp-json\/wp\/v2\/pages\/214\/revisions\/973"}],"wp:attachment":[{"href":"https:\/\/fislac.es\/ca\/wp-json\/wp\/v2\/media?parent=214"}],"curies":[{"name":"wp","href":"https:\/\/api.w.org\/{rel}","templated":true}]}}