{"id":398,"date":"2023-11-23T10:51:15","date_gmt":"2023-11-23T10:51:15","guid":{"rendered":"https:\/\/fislac.es\/?page_id=398"},"modified":"2023-11-30T13:23:43","modified_gmt":"2023-11-30T13:23:43","slug":"actualidad","status":"publish","type":"page","link":"https:\/\/fislac.es\/ca\/actualitat\/","title":{"rendered":"Actualitat"},"content":{"rendered":"<div data-elementor-type=\"wp-page\" data-elementor-id=\"398\" class=\"elementor elementor-398\" data-elementor-post-type=\"page\">\n\t\t\t\t<div class=\"elementor-element elementor-element-da9990e e-con-full elementor-hidden-mobile e-flex e-con e-parent\" data-id=\"da9990e\" data-element_type=\"container\" data-settings=\"{&quot;background_background&quot;:&quot;classic&quot;}\">\n\t\t<div class=\"elementor-element elementor-element-e30f410 e-flex e-con-boxed e-con e-child\" data-id=\"e30f410\" data-element_type=\"container\">\n\t\t\t\t\t<div class=\"e-con-inner\">\n\t\t<div class=\"elementor-element elementor-element-32b5007 e-flex e-con-boxed e-con e-child\" data-id=\"32b5007\" data-element_type=\"container\">\n\t\t\t\t\t<div class=\"e-con-inner\">\n\t\t\t\t<div class=\"elementor-element elementor-element-4822117 elementor-widget elementor-widget-heading\" data-id=\"4822117\" data-element_type=\"widget\" data-widget_type=\"heading.default\">\n\t\t\t\t<div class=\"elementor-widget-container\">\n\t\t\t\t\t<h1 class=\"elementor-heading-title elementor-size-default\">Actualitat<\/h1>\t\t\t\t<\/div>\n\t\t\t\t<\/div>\n\t\t\t\t\t<\/div>\n\t\t\t\t<\/div>\n\t\t<div class=\"elementor-element elementor-element-e69a158 elementor-hidden-mobile_extra elementor-hidden-mobile e-flex e-con-boxed e-con e-child\" data-id=\"e69a158\" data-element_type=\"container\">\n\t\t\t\t\t<div class=\"e-con-inner\">\n\t\t\t\t\t<\/div>\n\t\t\t\t<\/div>\n\t\t\t\t\t<\/div>\n\t\t\t\t<\/div>\n\t\t\t\t<\/div>\n\t\t<div class=\"elementor-element elementor-element-0167f05 e-con-full elementor-hidden-widescreen elementor-hidden-desktop elementor-hidden-laptop elementor-hidden-tablet_extra elementor-hidden-tablet elementor-hidden-mobile_extra e-flex e-con e-parent\" data-id=\"0167f05\" data-element_type=\"container\" data-settings=\"{&quot;background_background&quot;:&quot;classic&quot;}\">\n\t\t<div class=\"elementor-element elementor-element-1ca5f22 e-flex e-con-boxed e-con e-child\" data-id=\"1ca5f22\" data-element_type=\"container\">\n\t\t\t\t\t<div class=\"e-con-inner\">\n\t\t<div class=\"elementor-element elementor-element-6fbfbce e-flex e-con-boxed e-con e-child\" data-id=\"6fbfbce\" data-element_type=\"container\">\n\t\t\t\t\t<div class=\"e-con-inner\">\n\t\t\t\t<div class=\"elementor-element elementor-element-818de3e elementor-widget elementor-widget-heading\" data-id=\"818de3e\" data-element_type=\"widget\" data-widget_type=\"heading.default\">\n\t\t\t\t<div class=\"elementor-widget-container\">\n\t\t\t\t\t<h1 class=\"elementor-heading-title elementor-size-default\">Actualitat<\/h1>\t\t\t\t<\/div>\n\t\t\t\t<\/div>\n\t\t\t\t\t<\/div>\n\t\t\t\t<\/div>\n\t\t<div class=\"elementor-element elementor-element-b97dfea elementor-hidden-mobile_extra elementor-hidden-mobile e-flex e-con-boxed e-con e-child\" data-id=\"b97dfea\" data-element_type=\"container\">\n\t\t\t\t\t<div class=\"e-con-inner\">\n\t\t\t\t\t<\/div>\n\t\t\t\t<\/div>\n\t\t\t\t\t<\/div>\n\t\t\t\t<\/div>\n\t\t\t\t<\/div>\n\t\t<div class=\"elementor-element elementor-element-1e5fa1d e-flex e-con-boxed e-con e-parent\" data-id=\"1e5fa1d\" data-element_type=\"container\" data-settings=\"{&quot;background_background&quot;:&quot;classic&quot;}\">\n\t\t\t\t\t<div class=\"e-con-inner\">\n\t\t\t\t<div class=\"elementor-element elementor-element-f47c4d5 elementor-grid-2 elementor-grid-tablet-2 elementor-grid-mobile-1 elementor-posts--thumbnail-top elementor-posts__hover-gradient elementor-widget elementor-widget-posts\" data-id=\"f47c4d5\" data-element_type=\"widget\" data-settings=\"{&quot;cards_columns&quot;:&quot;2&quot;,&quot;cards_masonry&quot;:&quot;yes&quot;,&quot;pagination_type&quot;:&quot;numbers&quot;,&quot;cards_columns_tablet&quot;:&quot;2&quot;,&quot;cards_columns_mobile&quot;:&quot;1&quot;,&quot;cards_row_gap&quot;:{&quot;unit&quot;:&quot;px&quot;,&quot;size&quot;:35,&quot;sizes&quot;:[]},&quot;cards_row_gap_widescreen&quot;:{&quot;unit&quot;:&quot;px&quot;,&quot;size&quot;:&quot;&quot;,&quot;sizes&quot;:[]},&quot;cards_row_gap_laptop&quot;:{&quot;unit&quot;:&quot;px&quot;,&quot;size&quot;:&quot;&quot;,&quot;sizes&quot;:[]},&quot;cards_row_gap_tablet_extra&quot;:{&quot;unit&quot;:&quot;px&quot;,&quot;size&quot;:&quot;&quot;,&quot;sizes&quot;:[]},&quot;cards_row_gap_tablet&quot;:{&quot;unit&quot;:&quot;px&quot;,&quot;size&quot;:&quot;&quot;,&quot;sizes&quot;:[]},&quot;cards_row_gap_mobile_extra&quot;:{&quot;unit&quot;:&quot;px&quot;,&quot;size&quot;:&quot;&quot;,&quot;sizes&quot;:[]},&quot;cards_row_gap_mobile&quot;:{&quot;unit&quot;:&quot;px&quot;,&quot;size&quot;:&quot;&quot;,&quot;sizes&quot;:[]}}\" data-widget_type=\"posts.cards\">\n\t\t\t\t<div class=\"elementor-widget-container\">\n\t\t\t\t\t\t\t<div class=\"elementor-posts-container elementor-posts elementor-posts--skin-cards elementor-grid\">\n\t\t\t\t<article class=\"elementor-post elementor-grid-item post-1056 post type-post status-publish format-standard has-post-thumbnail hentry category-uncategorized\">\n\t\t\t<div class=\"elementor-post__card\">\n\t\t\t\t<a class=\"elementor-post__thumbnail__link\" href=\"https:\/\/fislac.es\/ca\/uncategorized\/como-manejar-conflictos-laborales-guia-para-empresarios-y-recursos-humanos\/\" tabindex=\"-1\" ><div class=\"elementor-post__thumbnail\"><img fetchpriority=\"high\" decoding=\"async\" width=\"2560\" height=\"1455\" src=\"https:\/\/fislac.es\/wp-content\/uploads\/2023\/12\/DSC08922-scaled.jpg\" class=\"attachment-full size-full wp-image-1057\" alt=\"\" srcset=\"https:\/\/fislac.es\/wp-content\/uploads\/2023\/12\/DSC08922-scaled.jpg 2560w, https:\/\/fislac.es\/wp-content\/uploads\/2023\/12\/DSC08922-300x171.jpg 300w, https:\/\/fislac.es\/wp-content\/uploads\/2023\/12\/DSC08922-1024x582.jpg 1024w, https:\/\/fislac.es\/wp-content\/uploads\/2023\/12\/DSC08922-768x436.jpg 768w, https:\/\/fislac.es\/wp-content\/uploads\/2023\/12\/DSC08922-1536x873.jpg 1536w, https:\/\/fislac.es\/wp-content\/uploads\/2023\/12\/DSC08922-2048x1164.jpg 2048w, https:\/\/fislac.es\/wp-content\/uploads\/2023\/12\/DSC08922-18x10.jpg 18w\" sizes=\"(max-width: 2560px) 100vw, 2560px\" \/><\/div><\/a>\n\t\t\t\t<div class=\"elementor-post__text\">\n\t\t\t\t<h3 class=\"elementor-post__title\">\n\t\t\t<a href=\"https:\/\/fislac.es\/ca\/uncategorized\/como-manejar-conflictos-laborales-guia-para-empresarios-y-recursos-humanos\/\" >\n\t\t\t\tCom dirigir conflictes laborals: gu\u00eda per empresaris i recursos humans\t\t\t<\/a>\n\t\t<\/h3>\n\t\t\t\t<div class=\"elementor-post__excerpt\">\n\t\t\t<p>La import\u00e0ncia duna guia efectiva en conflictes laborals. Els conflictes laborals s\u00f3n una realitat inevitable en qualsevol entorn empresarial. No obstant aix\u00f2, la forma en<\/p>\n\t\t<\/div>\n\t\t\n\t\t<a class=\"elementor-post__read-more\" href=\"https:\/\/fislac.es\/ca\/uncategorized\/como-manejar-conflictos-laborales-guia-para-empresarios-y-recursos-humanos\/\" aria-label=\"Read more about C\u00f3mo manejar conflictos laborales: gu\u00eda para empresarios y recursos humanos\" tabindex=\"-1\" >\n\t\t\tLlegir m\u00e9s\t\t<\/a>\n\n\t\t\t\t<\/div>\n\t\t\t\t<div class=\"elementor-post__meta-data\">\n\t\t\t\t\t<span class=\"elementor-post-date\">\n\t\t\tdesembre 29, 2023\t\t<\/span>\n\t\t\t\t<\/div>\n\t\t\t\t\t<\/div>\n\t\t<\/article>\n\t\t\t\t<article class=\"elementor-post elementor-grid-item post-1050 post type-post status-publish format-standard has-post-thumbnail hentry category-uncategorized\">\n\t\t\t<div class=\"elementor-post__card\">\n\t\t\t\t<a class=\"elementor-post__thumbnail__link\" href=\"https:\/\/fislac.es\/ca\/uncategorized\/consejos-para-tener-la-contabilidad-de-tu-empresa-en-orden\/\" tabindex=\"-1\" ><div class=\"elementor-post__thumbnail\"><img decoding=\"async\" width=\"2560\" height=\"990\" src=\"https:\/\/fislac.es\/wp-content\/uploads\/2023\/12\/shutterstock_1813787441-scaled.jpg\" class=\"attachment-full size-full wp-image-1055\" alt=\"\" srcset=\"https:\/\/fislac.es\/wp-content\/uploads\/2023\/12\/shutterstock_1813787441-scaled.jpg 2560w, https:\/\/fislac.es\/wp-content\/uploads\/2023\/12\/shutterstock_1813787441-300x116.jpg 300w, https:\/\/fislac.es\/wp-content\/uploads\/2023\/12\/shutterstock_1813787441-1024x396.jpg 1024w, https:\/\/fislac.es\/wp-content\/uploads\/2023\/12\/shutterstock_1813787441-768x297.jpg 768w, https:\/\/fislac.es\/wp-content\/uploads\/2023\/12\/shutterstock_1813787441-1536x594.jpg 1536w, https:\/\/fislac.es\/wp-content\/uploads\/2023\/12\/shutterstock_1813787441-2048x792.jpg 2048w, https:\/\/fislac.es\/wp-content\/uploads\/2023\/12\/shutterstock_1813787441-18x7.jpg 18w\" sizes=\"(max-width: 2560px) 100vw, 2560px\" \/><\/div><\/a>\n\t\t\t\t<div class=\"elementor-post__text\">\n\t\t\t\t<h3 class=\"elementor-post__title\">\n\t\t\t<a href=\"https:\/\/fislac.es\/ca\/uncategorized\/consejos-para-tener-la-contabilidad-de-tu-empresa-en-orden\/\" >\n\t\t\t\tConsells per tenir la comptabilitat de la teva empresa en ordre\t\t\t<\/a>\n\t\t<\/h3>\n\t\t\t\t<div class=\"elementor-post__excerpt\">\n\t\t\t<p>La comptabilitat de la teva empresa es un aspecte vital per assegurar una bona salut financera. Es imprescindible tenir un bon control de despeses a<\/p>\n\t\t<\/div>\n\t\t\n\t\t<a class=\"elementor-post__read-more\" href=\"https:\/\/fislac.es\/ca\/uncategorized\/consejos-para-tener-la-contabilidad-de-tu-empresa-en-orden\/\" aria-label=\"Read more about Consejos para tener la contabilidad de tu empresa en orden\" tabindex=\"-1\" >\n\t\t\tLlegir m\u00e9s\t\t<\/a>\n\n\t\t\t\t<\/div>\n\t\t\t\t<div class=\"elementor-post__meta-data\">\n\t\t\t\t\t<span class=\"elementor-post-date\">\n\t\t\tdesembre 15, 2023\t\t<\/span>\n\t\t\t\t<\/div>\n\t\t\t\t\t<\/div>\n\t\t<\/article>\n\t\t\t\t<article class=\"elementor-post elementor-grid-item post-1006 post type-post status-publish format-standard has-post-thumbnail hentry category-uncategorized\">\n\t\t\t<div class=\"elementor-post__card\">\n\t\t\t\t<a class=\"elementor-post__thumbnail__link\" href=\"https:\/\/fislac.es\/ca\/uncategorized\/como-afrontar-una-gestion-de-crisis-empresarial\/\" tabindex=\"-1\" ><div class=\"elementor-post__thumbnail\"><img decoding=\"async\" width=\"2560\" height=\"1707\" src=\"https:\/\/fislac.es\/wp-content\/uploads\/2023\/12\/alvaro-reyes-qWwpHwip31M-unsplash-scaled.jpg\" class=\"attachment-full size-full wp-image-1007\" alt=\"\" srcset=\"https:\/\/fislac.es\/wp-content\/uploads\/2023\/12\/alvaro-reyes-qWwpHwip31M-unsplash-scaled.jpg 2560w, https:\/\/fislac.es\/wp-content\/uploads\/2023\/12\/alvaro-reyes-qWwpHwip31M-unsplash-300x200.jpg 300w, https:\/\/fislac.es\/wp-content\/uploads\/2023\/12\/alvaro-reyes-qWwpHwip31M-unsplash-1024x683.jpg 1024w, https:\/\/fislac.es\/wp-content\/uploads\/2023\/12\/alvaro-reyes-qWwpHwip31M-unsplash-768x512.jpg 768w, https:\/\/fislac.es\/wp-content\/uploads\/2023\/12\/alvaro-reyes-qWwpHwip31M-unsplash-1536x1024.jpg 1536w, https:\/\/fislac.es\/wp-content\/uploads\/2023\/12\/alvaro-reyes-qWwpHwip31M-unsplash-2048x1365.jpg 2048w, https:\/\/fislac.es\/wp-content\/uploads\/2023\/12\/alvaro-reyes-qWwpHwip31M-unsplash-18x12.jpg 18w\" sizes=\"(max-width: 2560px) 100vw, 2560px\" \/><\/div><\/a>\n\t\t\t\t<div class=\"elementor-post__text\">\n\t\t\t\t<h3 class=\"elementor-post__title\">\n\t\t\t<a href=\"https:\/\/fislac.es\/ca\/uncategorized\/como-afrontar-una-gestion-de-crisis-empresarial\/\" >\n\t\t\t\tCom afrontar una gesti\u00f3 de crisis empresarial\t\t\t<\/a>\n\t\t<\/h3>\n\t\t\t\t<div class=\"elementor-post__excerpt\">\n\t\t\t<p>Una crisi pot perjudicar diferents aspectes de l'empresa, per aix\u00f2 \u00e9s important prevenir i tenir la capacitat d'actuar davant la identificaci\u00f3<\/p>\n\t\t<\/div>\n\t\t\n\t\t<a class=\"elementor-post__read-more\" href=\"https:\/\/fislac.es\/ca\/uncategorized\/como-afrontar-una-gestion-de-crisis-empresarial\/\" aria-label=\"Read more about C\u00f3mo afrontar una gesti\u00f3n de crisis empresarial\" tabindex=\"-1\" >\n\t\t\tLlegir m\u00e9s\t\t<\/a>\n\n\t\t\t\t<\/div>\n\t\t\t\t<div class=\"elementor-post__meta-data\">\n\t\t\t\t\t<span class=\"elementor-post-date\">\n\t\t\tdesembre 13, 2023\t\t<\/span>\n\t\t\t\t<\/div>\n\t\t\t\t\t<\/div>\n\t\t<\/article>\n\t\t\t\t<article class=\"elementor-post elementor-grid-item post-978 post type-post status-publish format-standard has-post-thumbnail hentry category-uncategorized\">\n\t\t\t<div class=\"elementor-post__card\">\n\t\t\t\t<a class=\"elementor-post__thumbnail__link\" href=\"https:\/\/fislac.es\/ca\/uncategorized\/un-abanico-de-soluciones-empresariales-conoce-las-lineas-de-negocio-de-fislac\/\" tabindex=\"-1\" ><div class=\"elementor-post__thumbnail\"><img loading=\"lazy\" decoding=\"async\" width=\"1920\" height=\"1280\" src=\"https:\/\/fislac.es\/wp-content\/uploads\/2023\/11\/soluciones-empresariales.jpg\" class=\"attachment-full size-full wp-image-979\" alt=\"\" srcset=\"https:\/\/fislac.es\/wp-content\/uploads\/2023\/11\/soluciones-empresariales.jpg 1920w, https:\/\/fislac.es\/wp-content\/uploads\/2023\/11\/soluciones-empresariales-300x200.jpg 300w, https:\/\/fislac.es\/wp-content\/uploads\/2023\/11\/soluciones-empresariales-1024x683.jpg 1024w, https:\/\/fislac.es\/wp-content\/uploads\/2023\/11\/soluciones-empresariales-768x512.jpg 768w, https:\/\/fislac.es\/wp-content\/uploads\/2023\/11\/soluciones-empresariales-1536x1024.jpg 1536w, https:\/\/fislac.es\/wp-content\/uploads\/2023\/11\/soluciones-empresariales-18x12.jpg 18w\" sizes=\"(max-width: 1920px) 100vw, 1920px\" \/><\/div><\/a>\n\t\t\t\t<div class=\"elementor-post__text\">\n\t\t\t\t<h3 class=\"elementor-post__title\">\n\t\t\t<a href=\"https:\/\/fislac.es\/ca\/uncategorized\/un-abanico-de-soluciones-empresariales-conoce-las-lineas-de-negocio-de-fislac\/\" >\n\t\t\t\tUn ventall de solucions empresarials: coneix les l\u00ednies de negoci de Fislac\t\t\t<\/a>\n\t\t<\/h3>\n\t\t\t\t<div class=\"elementor-post__excerpt\">\n\t\t\t<p>En el din\u00e0mic i competitiu m\u00f3n empresarial actual, comptar amb el suport adequat \u00e9s essencial per assolir l\u00e8xit. A Fislac Asesores, amb el nostre comprom\u00eds<\/p>\n\t\t<\/div>\n\t\t\n\t\t<a class=\"elementor-post__read-more\" href=\"https:\/\/fislac.es\/ca\/uncategorized\/un-abanico-de-soluciones-empresariales-conoce-las-lineas-de-negocio-de-fislac\/\" aria-label=\"Read more about Un abanico de soluciones empresariales: conoce las l\u00edneas de negocio de Fislac\" tabindex=\"-1\" >\n\t\t\tLlegir m\u00e9s\t\t<\/a>\n\n\t\t\t\t<\/div>\n\t\t\t\t<div class=\"elementor-post__meta-data\">\n\t\t\t\t\t<span class=\"elementor-post-date\">\n\t\t\tnovembre 30, 2023\t\t<\/span>\n\t\t\t\t<\/div>\n\t\t\t\t\t<\/div>\n\t\t<\/article>\n\t\t\t\t<article class=\"elementor-post elementor-grid-item post-843 post type-post status-publish format-standard has-post-thumbnail hentry category-uncategorized\">\n\t\t\t<div class=\"elementor-post__card\">\n\t\t\t\t<a class=\"elementor-post__thumbnail__link\" href=\"https:\/\/fislac.es\/ca\/uncategorized\/que-tipo-de-asesoria-se-adapta-mejor-a-las-necesidades-de-mi-empresa\/\" tabindex=\"-1\" ><div class=\"elementor-post__thumbnail\"><img loading=\"lazy\" decoding=\"async\" width=\"1000\" height=\"667\" src=\"https:\/\/fislac.es\/wp-content\/uploads\/2023\/11\/lineas-de-negocio.jpg\" class=\"attachment-full size-full wp-image-844\" alt=\"\" srcset=\"https:\/\/fislac.es\/wp-content\/uploads\/2023\/11\/lineas-de-negocio.jpg 1000w, https:\/\/fislac.es\/wp-content\/uploads\/2023\/11\/lineas-de-negocio-300x200.jpg 300w, https:\/\/fislac.es\/wp-content\/uploads\/2023\/11\/lineas-de-negocio-768x512.jpg 768w\" sizes=\"(max-width: 1000px) 100vw, 1000px\" \/><\/div><\/a>\n\t\t\t\t<div class=\"elementor-post__text\">\n\t\t\t\t<h3 class=\"elementor-post__title\">\n\t\t\t<a href=\"https:\/\/fislac.es\/ca\/uncategorized\/que-tipo-de-asesoria-se-adapta-mejor-a-las-necesidades-de-mi-empresa\/\" >\n\t\t\t\tQuina mena d'assessoria s'adapta millor a les necessitats de la meva empresa?\t\t\t<\/a>\n\t\t<\/h3>\n\t\t\t\t<div class=\"elementor-post__excerpt\">\n\t\t\t<p>Necessites orientaci\u00f3 en algun \u00e0mbit del teu negoci? Contractar els serveis d'una assessoria, ja sigui permanent o puntualment, pot ajudar a desenvolupar<\/p>\n\t\t<\/div>\n\t\t\n\t\t<a class=\"elementor-post__read-more\" href=\"https:\/\/fislac.es\/ca\/uncategorized\/que-tipo-de-asesoria-se-adapta-mejor-a-las-necesidades-de-mi-empresa\/\" aria-label=\"Read more about \u00bfQu\u00e9 tipo de asesor\u00eda se adapta mejor a las necesidades de mi empresa?\" tabindex=\"-1\" >\n\t\t\tLlegir m\u00e9s\t\t<\/a>\n\n\t\t\t\t<\/div>\n\t\t\t\t<div class=\"elementor-post__meta-data\">\n\t\t\t\t\t<span class=\"elementor-post-date\">\n\t\t\tnovembre 29, 2023\t\t<\/span>\n\t\t\t\t<\/div>\n\t\t\t\t\t<\/div>\n\t\t<\/article>\n\t\t\t\t<\/div>\n\t\t\n\t\t\t\t\t\t<\/div>\n\t\t\t\t<\/div>\n\t\t\t\t\t<\/div>\n\t\t\t\t<\/div>\n\t\t\t\t<\/div>","protected":false},"excerpt":{"rendered":"<p>Actualidad Actualidad<\/p>","protected":false},"author":1,"featured_media":0,"parent":0,"menu_order":0,"comment_status":"closed","ping_status":"closed","template":"","meta":{"footnotes":""},"class_list":["post-398","page","type-page","status-publish","hentry"],"yoast_head":"<!-- This site is optimized with the Yoast SEO plugin v21.7 - https:\/\/yoast.com\/wordpress\/plugins\/seo\/ -->\n<title>Actualidad - Fislac<\/title>\n<meta name=\"robots\" content=\"index, follow, max-snippet:-1, max-image-preview:large, max-video-preview:-1\" \/>\n<link rel=\"canonical\" href=\"https:\/\/fislac.es\/ca\/actualitat\/\" \/>\n<meta property=\"og:locale\" content=\"ca_ES\" \/>\n<meta property=\"og:type\" content=\"article\" \/>\n<meta property=\"og:title\" content=\"Actualidad - Fislac\" \/>\n<meta property=\"og:description\" content=\"Actualidad Actualidad\" \/>\n<meta property=\"og:url\" content=\"https:\/\/fislac.es\/ca\/actualitat\/\" \/>\n<meta property=\"og:site_name\" content=\"Fislac\" \/>\n<meta property=\"article:modified_time\" content=\"2023-11-30T13:23:43+00:00\" \/>\n<meta name=\"twitter:card\" content=\"summary_large_image\" \/>\n<meta name=\"twitter:label1\" content=\"Temps estimat de lectura\" \/>\n\t<meta name=\"twitter:data1\" content=\"2 minuts\" \/>\n<script type=\"application\/ld+json\" class=\"yoast-schema-graph\">{\"@context\":\"https:\/\/schema.org\",\"@graph\":[{\"@type\":\"WebPage\",\"@id\":\"https:\/\/fislac.es\/actualidad\/\",\"url\":\"https:\/\/fislac.es\/actualidad\/\",\"name\":\"Actualidad - Fislac\",\"isPartOf\":{\"@id\":\"https:\/\/fislac.es\/#website\"},\"datePublished\":\"2023-11-23T10:51:15+00:00\",\"dateModified\":\"2023-11-30T13:23:43+00:00\",\"breadcrumb\":{\"@id\":\"https:\/\/fislac.es\/actualidad\/#breadcrumb\"},\"inLanguage\":\"ca\",\"potentialAction\":[{\"@type\":\"ReadAction\",\"target\":[\"https:\/\/fislac.es\/actualidad\/\"]}]},{\"@type\":\"BreadcrumbList\",\"@id\":\"https:\/\/fislac.es\/actualidad\/#breadcrumb\",\"itemListElement\":[{\"@type\":\"ListItem\",\"position\":1,\"name\":\"Portada\",\"item\":\"https:\/\/fislac.es\/\"},{\"@type\":\"ListItem\",\"position\":2,\"name\":\"Actualidad\"}]},{\"@type\":\"WebSite\",\"@id\":\"https:\/\/fislac.es\/#website\",\"url\":\"https:\/\/fislac.es\/\",\"name\":\"Fislac\",\"description\":\"\",\"publisher\":{\"@id\":\"https:\/\/fislac.es\/#organization\"},\"potentialAction\":[{\"@type\":\"SearchAction\",\"target\":{\"@type\":\"EntryPoint\",\"urlTemplate\":\"https:\/\/fislac.es\/?s={search_term_string}\"},\"query-input\":\"required name=search_term_string\"}],\"inLanguage\":\"ca\"},{\"@type\":\"Organization\",\"@id\":\"https:\/\/fislac.es\/#organization\",\"name\":\"Fislac Asesores\",\"url\":\"https:\/\/fislac.es\/\",\"logo\":{\"@type\":\"ImageObject\",\"inLanguage\":\"ca\",\"@id\":\"https:\/\/fislac.es\/#\/schema\/logo\/image\/\",\"url\":\"https:\/\/fislac.es\/wp-content\/uploads\/2023\/11\/logo-fislac.png\",\"contentUrl\":\"https:\/\/fislac.es\/wp-content\/uploads\/2023\/11\/logo-fislac.png\",\"width\":426,\"height\":204,\"caption\":\"Fislac Asesores\"},\"image\":{\"@id\":\"https:\/\/fislac.es\/#\/schema\/logo\/image\/\"}}]}<\/script>\n<!-- \/ Yoast SEO plugin. -->","yoast_head_json":{"title":"Actualidad - Fislac","robots":{"index":"index","follow":"follow","max-snippet":"max-snippet:-1","max-image-preview":"max-image-preview:large","max-video-preview":"max-video-preview:-1"},"canonical":"https:\/\/fislac.es\/ca\/actualitat\/","og_locale":"ca_ES","og_type":"article","og_title":"Actualidad - Fislac","og_description":"Actualidad Actualidad","og_url":"https:\/\/fislac.es\/ca\/actualitat\/","og_site_name":"Fislac","article_modified_time":"2023-11-30T13:23:43+00:00","twitter_card":"summary_large_image","twitter_misc":{"Temps estimat de lectura":"2 minuts"},"schema":{"@context":"https:\/\/schema.org","@graph":[{"@type":"WebPage","@id":"https:\/\/fislac.es\/actualidad\/","url":"https:\/\/fislac.es\/actualidad\/","name":"Actualidad - Fislac","isPartOf":{"@id":"https:\/\/fislac.es\/#website"},"datePublished":"2023-11-23T10:51:15+00:00","dateModified":"2023-11-30T13:23:43+00:00","breadcrumb":{"@id":"https:\/\/fislac.es\/actualidad\/#breadcrumb"},"inLanguage":"ca","potentialAction":[{"@type":"ReadAction","target":["https:\/\/fislac.es\/actualidad\/"]}]},{"@type":"BreadcrumbList","@id":"https:\/\/fislac.es\/actualidad\/#breadcrumb","itemListElement":[{"@type":"ListItem","position":1,"name":"Portada","item":"https:\/\/fislac.es\/"},{"@type":"ListItem","position":2,"name":"Actualidad"}]},{"@type":"WebSite","@id":"https:\/\/fislac.es\/#website","url":"https:\/\/fislac.es\/","name":"Fislac","description":"","publisher":{"@id":"https:\/\/fislac.es\/#organization"},"potentialAction":[{"@type":"SearchAction","target":{"@type":"EntryPoint","urlTemplate":"https:\/\/fislac.es\/?s={search_term_string}"},"query-input":"required name=search_term_string"}],"inLanguage":"ca"},{"@type":"Organization","@id":"https:\/\/fislac.es\/#organization","name":"Fislac Asesores","url":"https:\/\/fislac.es\/","logo":{"@type":"ImageObject","inLanguage":"ca","@id":"https:\/\/fislac.es\/#\/schema\/logo\/image\/","url":"https:\/\/fislac.es\/wp-content\/uploads\/2023\/11\/logo-fislac.png","contentUrl":"https:\/\/fislac.es\/wp-content\/uploads\/2023\/11\/logo-fislac.png","width":426,"height":204,"caption":"Fislac Asesores"},"image":{"@id":"https:\/\/fislac.es\/#\/schema\/logo\/image\/"}}]}},"_links":{"self":[{"href":"https:\/\/fislac.es\/ca\/wp-json\/wp\/v2\/pages\/398","targetHints":{"allow":["GET"]}}],"collection":[{"href":"https:\/\/fislac.es\/ca\/wp-json\/wp\/v2\/pages"}],"about":[{"href":"https:\/\/fislac.es\/ca\/wp-json\/wp\/v2\/types\/page"}],"author":[{"embeddable":true,"href":"https:\/\/fislac.es\/ca\/wp-json\/wp\/v2\/users\/1"}],"replies":[{"embeddable":true,"href":"https:\/\/fislac.es\/ca\/wp-json\/wp\/v2\/comments?post=398"}],"version-history":[{"count":35,"href":"https:\/\/fislac.es\/ca\/wp-json\/wp\/v2\/pages\/398\/revisions"}],"predecessor-version":[{"id":1086,"href":"https:\/\/fislac.es\/ca\/wp-json\/wp\/v2\/pages\/398\/revisions\/1086"}],"wp:attachment":[{"href":"https:\/\/fislac.es\/ca\/wp-json\/wp\/v2\/media?parent=398"}],"curies":[{"name":"wp","href":"https:\/\/api.w.org\/{rel}","templated":true}]}}